{"id":24964,"date":"2018-11-05T17:07:25","date_gmt":"2018-11-05T17:07:25","guid":{"rendered":"https:\/\/jccmontreal.org\/dinei-torah\/"},"modified":"2022-12-06T17:11:11","modified_gmt":"2022-12-06T21:11:11","slug":"dinei-torah","status":"publish","type":"page","link":"https:\/\/www.jccmontreal.org\/fr\/dinei-torah\/","title":{"rendered":"Dinei Torah"},"content":{"rendered":"<div class=\"wpb-content-wrapper\"><p>[vc_row][vc_column width=\u00a0\u00bb1\/4&Prime;][vc_widget_sidebar sidebar_id=\u00a0\u00bbpage-sidebar-2&Prime;][\/vc_column][vc_column width=\u00a0\u00bb3\/4&Prime;][vc_text_separator title_level=\u00a0\u00bbh4&Prime; title=\u00a0\u00bbDinei Torah\u00a0\u00bb color=\u00a0\u00bbcustom\u00a0\u00bb accent_color=\u00a0\u00bb#212331&Prime;][vc_column_text]<strong style=\"color: #173f5f;\">Un formulaire de demande pour un Din Torah<\/strong>[\/vc_column_text]<style type=\"text\/css\">.thegem-button-69e3b04b13b8e9776 .gem-button svg {fill: #ffffff;}.thegem-button-69e3b04b13b8e9776 .gem-button:hover svg {fill: #ffffff;}<\/style><div class=\"gem-button-container gem-button-position-left thegem-button-69e3b04b13b8e9776    \"  ><a class=\"gem-button gem-button-size-small gem-button-style-flat gem-button-text-weight-normal\" data-ll-effect=\"drop-right-without-wrap\" style=\"border-radius: 5px;background-color: #173f5f;color: #ffffff;\" onmouseleave=\"this.style.backgroundColor='#173f5f';this.style.color='#ffffff';\" onmouseenter=\"this.style.backgroundColor='#0c314e';this.style.color='#ffffff';\" href=\"https:\/\/jccmontreal.org\/fr\/demande-dautorisation\/\" target=\"_blank\">POSTULER<\/a><\/div> [vc_column_text el_class=\u00a0\u00bbtext1&Prime;]Pour faire des arrangements de Din Torah, pri\u00e8re de contacter Mme Junger au (514) 739-6363.<\/p>\n<p>Le Beth Din de Montr\u00e9al est compos\u00e9 de rabbins et juges rabbiniques chevronn\u00e9s qui connaissent bien les types de cas pr\u00e9sent\u00e9s devant le tribunal. Ceux-ci comprennent les litiges commerciaux relatifs aux partenariats, les litiges relatifs aux entreprises ainsi que les litiges concernant un employeur ou une embauche. De plus, le Beth Din traite les probl\u00e8mes de congr\u00e9gations, de soci\u00e9t\u00e9s, de contrats, d\u2019h\u00e9ritages et de pensions alimentaires pour les enfants. Celui-ci a acquis une r\u00e9putation internationale pour son int\u00e9grit\u00e9, sa comp\u00e9tence et son \u00e9quit\u00e9. Le Beth Din est forum qui agit de de fa\u00e7on professionnelle, efficace et conviviale.<\/p>\n<p>Selon la loi juive, les parties en conflit ne peuvent faire entendre leur cas dans une cours la\u00efque. Ils doivent se pr\u00e9senter devant le Beth Din pour recevoir un jugement. Une entente de litige est sign\u00e9e par les deux parties pr\u00e9alablement \u00e0 l\u2019audience. Les parties peuvent \u00eatre repr\u00e9sent\u00e9es par un avocat ou autre. Les services offerts par le Beth Din sont ouverts \u00e0 tous les membres de la communaut\u00e9. Les litiges financiers sont \u00e9galement arbitr\u00e9s par le Beth Din.<\/p>\n<p><strong>Les frais exig\u00e9s pour ce service sont les suivants :<\/strong>:<br \/>\nLes frais d\u2019envoi d\u2019une assignation convoquant une partie \u00e0 un Din Torah sont de 250,00\u00a0$. Les frais pour une injonction pr\u00e9alable \u00e0 une audience de Din Torah sont de 250,00\u00a0$. Chaque partie doit d\u00e9bourser 400\u00a0$ avant le Din Torah, ce qui couvre jusqu\u2019\u00e0 deux heures d\u2019audience. Si l\u2019audience dure plus de deux heures, chaque partie devra payer 200\u00a0$ pour chaque heure suppl\u00e9mentaire.\u00a0\u00a0Trois Dayanim (juges rabbiniques) sont pr\u00e9sents pendant toute l\u2019audience et \u00e9mettent le psak\/jugement \u00e9crit apr\u00e8s que le Din Torah ait eu lieu.[\/vc_column_text][vc_row_inner][vc_column_inner][vc_column_text]<strong style=\"color: #173f5f;\">Membres du Beth Din de Montr\u00e9al<\/strong><\/p>\n<p><strong style=\"font-size: 18px;\">Av Beth Din: Rabbi Yonasan Binyomin Weiss<\/strong><br \/>\nChief Sefardi Rabbi du Qu\u00e9bec: Rav David Sabbah<br \/>\nDayan Dovid Refoel Banon (Dayan Lubavitch et la Kehila S\u00e9pharade)<br \/>\nDayan Berl Bell (Dayan de la Kehila Lubavitch)<br \/>\nDayan Ephraim Chaim Cremisi<br \/>\nDayan Wolfe Ber Lerner (Dayan de Belz)<br \/>\nDayan Aryeh Posen<br \/>\nDayan Yoel Chonon Wenger<br \/>\nHarav Wosner (Skvere)[\/vc_column_text]<div class=\"gem-vimeo gem-wrapbox gem-wrapbox-style-no-style rounded-corners gem-wrapbox-position-left\" style=\"width: 100%;\"><div class=\"gem-wrapbox-inner gem-ratio-style\" style=\"padding-top: 56.25%\"><iframe webkitallowfullscreen=\"true\" mozallowfullscreen=\"true\" allowfullscreen=\"true\" class=\"gem-wrapbox-element img-responsive\" frameborder=\"0\" scrolling=\"no\" marginheight=\"0\" marginwidth=\"0\" src=\"\/\/player.vimeo.com\/video\/778541142?title=0&amp;byline=0&amp;portrait=0 \"><\/iframe><\/div><\/div>[\/vc_column_inner][\/vc_row_inner][\/vc_column][\/vc_row][vc_row][vc_column][vc_empty_space height=\u00a0\u00bb10px\u00a0\u00bb][\/vc_column][\/vc_row]<\/p>\n<\/div>","protected":false},"excerpt":{"rendered":"<p>[vc_row][vc_column width=\u00a0\u00bb1\/4&Prime;][vc_widget_sidebar sidebar_id=\u00a0\u00bbpage-sidebar-2&Prime;][\/vc_column][vc_column width=\u00a0\u00bb3\/4&Prime;][vc_text_separator title_level=\u00a0\u00bbh4&Prime; title=\u00a0\u00bbDinei Torah\u00a0\u00bb color=\u00a0\u00bbcustom\u00a0\u00bb accent_color=\u00a0\u00bb#212331&Prime;][vc_column_text]Un formulaire de demande pour un Din Torah[\/vc_column_text][vc_column_text el_class=\u00a0\u00bbtext1&Prime;]Pour faire des arrangements&#8230;<\/p>\n","protected":false},"author":1,"featured_media":0,"parent":0,"menu_order":0,"comment_status":"closed","ping_status":"closed","template":"","meta":{"_acf_changed":false,"footnotes":""},"class_list":["post-24964","page","type-page","status-publish"],"acf":[],"aioseo_notices":[],"_links":{"self":[{"href":"https:\/\/www.jccmontreal.org\/fr\/wp-json\/wp\/v2\/pages\/24964","targetHints":{"allow":["GET"]}}],"collection":[{"href":"https:\/\/www.jccmontreal.org\/fr\/wp-json\/wp\/v2\/pages"}],"about":[{"href":"https:\/\/www.jccmontreal.org\/fr\/wp-json\/wp\/v2\/types\/page"}],"author":[{"embeddable":true,"href":"https:\/\/www.jccmontreal.org\/fr\/wp-json\/wp\/v2\/users\/1"}],"replies":[{"embeddable":true,"href":"https:\/\/www.jccmontreal.org\/fr\/wp-json\/wp\/v2\/comments?post=24964"}],"version-history":[{"count":17,"href":"https:\/\/www.jccmontreal.org\/fr\/wp-json\/wp\/v2\/pages\/24964\/revisions"}],"predecessor-version":[{"id":28663,"href":"https:\/\/www.jccmontreal.org\/fr\/wp-json\/wp\/v2\/pages\/24964\/revisions\/28663"}],"wp:attachment":[{"href":"https:\/\/www.jccmontreal.org\/fr\/wp-json\/wp\/v2\/media?parent=24964"}],"curies":[{"name":"wp","href":"https:\/\/api.w.org\/{rel}","templated":true}]}}