{"id":24975,"date":"2018-11-05T15:09:04","date_gmt":"2018-11-05T15:09:04","guid":{"rendered":"https:\/\/jccmontreal.org\/eiruv\/"},"modified":"2024-05-30T10:27:44","modified_gmt":"2024-05-30T14:27:44","slug":"erouv","status":"publish","type":"page","link":"https:\/\/www.jccmontreal.org\/fr\/erouv\/","title":{"rendered":"\u00c9rouv"},"content":{"rendered":"<div class=\"wpb-content-wrapper\"><p>[vc_row][vc_column width=\u00a0\u00bb1\/4&Prime;][vc_widget_sidebar sidebar_id=\u00a0\u00bbpage-sidebar-2&Prime;][\/vc_column][vc_column width=\u00a0\u00bb3\/4&Prime;][vc_text_separator title_level=\u00a0\u00bbh4&Prime; title=\u00a0\u00bb\u00c9rouv\u00a0\u00bb color=\u00a0\u00bbcustom\u00a0\u00bb accent_color=\u00a0\u00bb#2e323e\u00a0\u00bb][vc_column_text el_class=\u00a0\u00bbtext1&Prime;]<\/p>\n<pre id=\"tw-target-text\" class=\"tw-data-text tw-text-large tw-ta\" data-placeholder=\"Translation\" aria-label=\"Translated text\" data-ved=\"2ahUKEwicp-HAyrWGAxVvD1kFHZIzCA8Q3ewLegQICxAU\"><span class=\"Y2IQFc\" lang=\"fr\">Cette page est actuellement en construction<\/span><\/pre>\n<p>[\/vc_column_text][vc_column_text el_class=\u00a0\u00bbtext1&Prime;]Selon les lois juives relatives au Shabbat, il est interdit de transporter tout objet d\u2019un domaine \u00ab priv\u00e9 \u00bb \u00e0 un domaine \u00ab public \u00bb et vice versa, ainsi que de transporter \u00e0 l\u2019int\u00e9rieur d\u2019un domaine public sur une distance de plus de quatre coud\u00e9es (\u00e0 peu pr\u00e8s 6 pieds). Les termes \u00ab public \u00bb et \u00ab priv\u00e9 \u00bb ne font pas r\u00e9f\u00e9rence pas \u00e0 une propri\u00e9t\u00e9, mais \u00e0 la nature des domaines. Une enceinte ferm\u00e9e est consid\u00e9r\u00e9e comme un domaine priv\u00e9, alors qu\u2019une aire ouverte est consid\u00e9r\u00e9e comme un domaine public en ce qui concerne l\u2019application de ces lois.<\/p>\n<p>M\u00eame dans l\u2019ancien temps, il \u00e9tait \u00e9vident que les gens auraient voulu transporter plusieurs objets pendant Shabbat, comme ils le faisaient le reste de la semaine. Ils voulaient \u00e9galement rencontrer leurs amis et pouvoir transporter leurs enfants pour \u00e9tudier, socialiser et participer \u00e0 la vie communautaire.<\/p>\n<p>La solution : le \u00e9rouv. Un \u00e9rouv consiste en un enclos qui entoure un domaine priv\u00e9 ainsi qu\u2019un domaine public, afin de cr\u00e9er un grand domaine priv\u00e9 dans lequel il est permis de transporter pendant le Shabbat. Un \u00e9rouv peut \u00eatre assez grand pour inclure des quartiers entiers avec des maisons, des immeubles et des synagogues. Ce qui permet \u00e0 tous de transporter pendant le Shabbat, puisqu\u2019on ne quitte jamais son domaine.<\/p>\n<p>Techniquement, un \u00e9rouv devrait \u00eatre un mur. Cependant, un mur peut \u00eatre un mur m\u00eame s\u2019il a plusieurs portes qui cr\u00e9ent de grands espaces ouverts. Cela veut dire qu\u2019un mur n\u2019a pas besoin d\u2019\u00eatre solide et un \u00e9rouv peut \u00eatre cr\u00e9\u00e9 en utilisant des poteaux t\u00e9l\u00e9phoniques par exemple, qui servent de montants de porte dans un mur, avec les c\u00e2bles entre les poteaux servant de linteau du cadre de porte. De ce fait, le \u00ab mur \u00bb devient une s\u00e9rie \u00ab d\u2019entr\u00e9es de porte \u00bb. De plus, fronti\u00e8res naturelles et cl\u00f4tures peuvent \u00e9galement faire partie du \u00e9rouv.[\/vc_column_text][vc_text_separator title_level=\u00a0\u00bbh5&Prime; title=\u00a0\u00bbComment utiliser un \u00e9rouv\u00a0\u00bb color=\u00a0\u00bbcustom\u00a0\u00bb accent_color=\u00a0\u00bb#2e323e\u00a0\u00bb][vc_column_text el_class=\u00a0\u00bbtext1&Prime;]Toute ville qui poss\u00e8de un \u00e9rouv a aussi un organisme responsable de sa maintenance et de sa v\u00e9rification r\u00e9guli\u00e8re. Les techniciens l\u2019examinent toutes les semaines pour v\u00e9rifier qu\u2019il n\u2019y a aucune rupture et pour s\u2019assurer qu\u2019il soit fonctionnel. Si une partie du \u00e9rouv est tomb\u00e9, il faut tenter de l\u2019arranger avant le Shabbat. Si cela s\u2019av\u00e8re impossible, l\u2019efficacit\u00e9 du \u00e9rouv est perdue, puisque le domaine n\u2019est plus entour\u00e9 par une fronti\u00e8re continue.[\/vc_column_text][vc_text_separator title_level=\u00a0\u00bbh5&Prime; title=\u00a0\u00bbGreater Montreal\u00a0\u00bb color=\u00a0\u00bbcustom\u00a0\u00bb accent_color=\u00a0\u00bb#2e323e\u00a0\u00bb][vc_separator color=\u00a0\u00bbcustom\u00a0\u00bb accent_color=\u00a0\u00bb#2e323e\u00a0\u00bb][vc_column_text]<\/p>\n<div class=\"wpb_text_column wpb_content_element \">\n<div class=\"wpb_wrapper\">\n<h5><strong style=\"color: gray;\">PLEASE NOTE:<\/strong><br \/>\n<strong style=\"color: #2e323e;\">THE EIRUVIM ARE NOT UNDER THE AUSPICES OF THE JCC\u00a0OF MONTREAL<\/strong><\/h5>\n<\/div>\n<\/div>\n<p>[\/vc_column_text][\/vc_column][\/vc_row][vc_row][vc_column][vc_empty_space height=\u00a0\u00bb10px\u00a0\u00bb][\/vc_column][\/vc_row]<\/p>\n<\/div>","protected":false},"excerpt":{"rendered":"<p>[vc_row][vc_column width=\u00a0\u00bb1\/4&Prime;][vc_widget_sidebar sidebar_id=\u00a0\u00bbpage-sidebar-2&Prime;][\/vc_column][vc_column width=\u00a0\u00bb3\/4&Prime;][vc_text_separator title_level=\u00a0\u00bbh4&Prime; title=\u00a0\u00bb\u00c9rouv\u00a0\u00bb color=\u00a0\u00bbcustom\u00a0\u00bb accent_color=\u00a0\u00bb#2e323e\u00a0\u00bb][vc_column_text el_class=\u00a0\u00bbtext1&Prime;] Cette page est actuellement en construction [\/vc_column_text][vc_column_text el_class=\u00a0\u00bbtext1&Prime;]Selon les lois juives&#8230;<\/p>\n","protected":false},"author":1,"featured_media":0,"parent":0,"menu_order":0,"comment_status":"closed","ping_status":"closed","template":"","meta":{"_acf_changed":false,"footnotes":""},"class_list":["post-24975","page","type-page","status-publish"],"acf":[],"aioseo_notices":[],"_links":{"self":[{"href":"https:\/\/www.jccmontreal.org\/fr\/wp-json\/wp\/v2\/pages\/24975","targetHints":{"allow":["GET"]}}],"collection":[{"href":"https:\/\/www.jccmontreal.org\/fr\/wp-json\/wp\/v2\/pages"}],"about":[{"href":"https:\/\/www.jccmontreal.org\/fr\/wp-json\/wp\/v2\/types\/page"}],"author":[{"embeddable":true,"href":"https:\/\/www.jccmontreal.org\/fr\/wp-json\/wp\/v2\/users\/1"}],"replies":[{"embeddable":true,"href":"https:\/\/www.jccmontreal.org\/fr\/wp-json\/wp\/v2\/comments?post=24975"}],"version-history":[{"count":7,"href":"https:\/\/www.jccmontreal.org\/fr\/wp-json\/wp\/v2\/pages\/24975\/revisions"}],"predecessor-version":[{"id":33741,"href":"https:\/\/www.jccmontreal.org\/fr\/wp-json\/wp\/v2\/pages\/24975\/revisions\/33741"}],"wp:attachment":[{"href":"https:\/\/www.jccmontreal.org\/fr\/wp-json\/wp\/v2\/media?parent=24975"}],"curies":[{"name":"wp","href":"https:\/\/api.w.org\/{rel}","templated":true}]}}