{"id":24983,"date":"2018-11-08T01:03:14","date_gmt":"2018-11-08T01:03:14","guid":{"rendered":"https:\/\/jccmontreal.org\/mikveh\/"},"modified":"2024-05-09T13:48:18","modified_gmt":"2024-05-09T17:48:18","slug":"mikvah","status":"publish","type":"page","link":"https:\/\/www.jccmontreal.org\/fr\/mikvah\/","title":{"rendered":"Mikvah"},"content":{"rendered":"<div class=\"wpb-content-wrapper\"><p>[vc_row][vc_column width=\u00a0\u00bb1\/4&Prime;][vc_widget_sidebar sidebar_id=\u00a0\u00bbpage-sidebar-2&Prime;][\/vc_column][vc_column width=\u00a0\u00bb3\/4&Prime;][vc_text_separator title_level=\u00a0\u00bbh4&Prime; title=\u00a0\u00bbMikvah\u00a0\u00bb color=\u00a0\u00bbcustom\u00a0\u00bb accent_color=\u00a0\u00bb#3c3950&Prime;][vc_column_text el_class=\u00a0\u00bbtext1&Prime;]Le mot \u00ab mikvah \u00bb signifie un regroupement d\u2019eau qui doit \u00eatre construit conform\u00e9ment aux nombreuses sp\u00e9cifications complexes d\u00e9crites dans la Halacha, la loi juive.<\/p>\n<p>Le Midrash raconte qu\u2019apr\u00e8s son expulsion du jardin d\u2019Eden, Adam s\u2019est assis dans une rivi\u00e8re d\u00e9coulant du jardin. Ce moment fut une partie int\u00e9grante de son processus de techouva (p\u00e9nitence), de sa tentative de revenir \u00e0 sa perfection originale.<\/p>\n<p>Avant la r\u00e9v\u00e9lation sur le Mont Sinai, tous les membres du peuple juif ont eu le devoir de se tremper en vue d\u2019\u00eatre face \u00e0 face avec D. Il est int\u00e9ressant de constater que lorsque les juifs se d\u00e9pla\u00e7aient d\u2019une ville \u00e0 l\u2019autre, la premi\u00e8re chose qu\u2019ils cherchaient \u00e0 construire n\u2019\u00e9tait pas la synagogue, mais le mikvah. Celui-ci est si fondamental \u00e0 la vie juive, que m\u00eame un rouleau de Torah peut \u00eatre vendu pour couvrir les frais d\u2019un mikvah.<\/p>\n<p>Aujourd\u2019hui, le mikvah a plusieurs fonctions :<\/p>\n<p>\u2022 Nous l\u2019utilisons pour tremper de nouvelles marmites, de la vaisselle et des ustensiles avant de pouvoir les utiliser<br \/>\n\u2022 Il sert de point central \u00e0 une taharah, le rituel de purification d\u2019un juif avant son enterrement et que son \u00e2me monte au ciel<br \/>\n\u2022 Les hommes l\u2019utilisent \u00e0 plusieurs occasions, plus particuli\u00e8rement un mari\u00e9 le jour de son mariage et les hommes la veille de Yom Kippour. Certains ont la coutume de se tremper le Shabbat, d\u2019autres tous les jours avant la pri\u00e8re du matin.<br \/>\n\u2022 C\u2019est la derni\u00e8re \u00e9tape qui finalise une conversion<\/p>\n<p>Mais avant tout, la fonction la plus importante du mikvah et celle de Taharat Hamishpacha, la puret\u00e9 familiale. Les lois de cette mitzvah sont d\u2019ordonnance divine, ce qui veut dire que leur source est bien sup\u00e9rieure \u00e0 ce que l\u2019on peut m\u00eame imaginer. Voil\u00e0 pourquoi cette mitzvah est si sp\u00e9ciale. Consciemment ou inconsciemment, nous formons un lien avec le Divin.<\/p>\n<p>Voici une liste de mikvah pour femmes \u00e0 Montr\u00e9al :[\/vc_column_text][\/vc_column][\/vc_row][vc_row][vc_column][vc_empty_space height=\u00a0\u00bb10px\u00a0\u00bb][\/vc_column][\/vc_row][vc_row][vc_column]<div class=\"gem-table gem-table-responsive gem-table-style-1\"><table style=\"width: 100%;\">\n<thead>\n<tr>\n<th class=\"table-title\">\n<h6 style=\"color: #fff;\">MIKVAH<\/h6>\n<\/th>\n<th class=\"table-title\">\n<h6 style=\"color: #fff;\">ADDRESS<\/h6>\n<\/th>\n<th class=\"table-title\">\n<h6 style=\"color: #fff;\">PHONE<\/h6>\n<\/th>\n<th class=\"table-title\">\n<h6 style=\"color: #fff;\">LOCATION<\/h6>\n<\/th>\n<\/tr>\n<\/thead>\n<tbody class=\"text1\">\n<tr>\n<td style=\"text-align: center;\">Mikvah Beth Israel<\/td>\n<td style=\"text-align: center;\">524 Beauguard<\/td>\n<td style=\"text-align: center;\">819 326-0673<\/td>\n<td style=\"text-align: center;\">Trout Lake, St. Agathe<\/td>\n<\/tr>\n<tr>\n<td style=\"text-align: center;\">Mikvah Congregation Yetev Lev<\/td>\n<td style=\"text-align: center;\">5214 St. Urbain<\/td>\n<td style=\"text-align: center;\">514 279-9443<\/td>\n<td style=\"text-align: center;\">Outremont<\/td>\n<\/tr>\n<tr>\n<td style=\"text-align: center;\">Mikvah Hekhal Shalom<\/td>\n<td style=\"text-align: center;\">825 Gratton<\/td>\n<td style=\"text-align: center;\">514 747-4530<\/td>\n<td style=\"text-align: center;\">Ville St. Laurent<\/td>\n<\/tr>\n<tr>\n<td style=\"text-align: center;\">Mikvah Du Rabbinat<\/td>\n<td style=\"text-align: center;\">5850 Victoria<\/td>\n<td style=\"text-align: center;\">514 738-6320<\/td>\n<td style=\"text-align: center;\">Montreal<\/td>\n<\/tr>\n<tr>\n<td style=\"text-align: center;\">Mikvah Israel<\/td>\n<td style=\"text-align: center;\">7015 Kildare<\/td>\n<td style=\"text-align: center;\">514 487-5581<\/td>\n<td style=\"text-align: center;\">Cote St. Luc<\/td>\n<\/tr>\n<tr>\n<td style=\"text-align: center;\">Mikvah Tosh<\/td>\n<td style=\"text-align: center;\"><\/td>\n<td style=\"text-align: center;\">450-435-1493<\/td>\n<td style=\"text-align: center;\">Boisbriand<\/td>\n<\/tr>\n<tr>\n<td style=\"text-align: center;\">Mikvah Centre Sepharade de Torah Laval<\/td>\n<td style=\"text-align: center;\">675 Du Sablon<\/td>\n<td style=\"text-align: center;\">450-688-5803<\/td>\n<td style=\"text-align: center;\">Chomedy, Laval<\/td>\n<\/tr>\n<tr>\n<td style=\"text-align: center;\">Montreal Community Mikvah<\/td>\n<td style=\"text-align: center;\">124 Bates<\/td>\n<td style=\"text-align: center;\">514-904-0671<\/td>\n<td style=\"text-align: center;\">De Vimy<\/td>\n<\/tr>\n<tr>\n<td style=\"text-align: center;\">West Island Mikvah<\/td>\n<td style=\"text-align: center;\">218 Mirabel<\/td>\n<td style=\"text-align: center;\">514-624-6618<\/td>\n<td style=\"text-align: center;\">West Island<\/td>\n<\/tr>\n<tr>\n<td style=\"text-align: center;\">Mikvah Golda<\/td>\n<td style=\"text-align: center;\">6060 Sherbrooke St W<\/td>\n<td style=\"text-align: center;\">514-536-0260<\/td>\n<td style=\"text-align: center;\">NDG<\/td>\n<\/tr>\n<\/tbody>\n<\/table>\n<\/div>[\/vc_column][\/vc_row][vc_row][vc_column][vc_empty_space height=\u00a0\u00bb10px\u00a0\u00bb][\/vc_column][\/vc_row]<\/p>\n<\/div>","protected":false},"excerpt":{"rendered":"<p>[vc_row][vc_column width=\u00a0\u00bb1\/4&Prime;][vc_widget_sidebar sidebar_id=\u00a0\u00bbpage-sidebar-2&Prime;][\/vc_column][vc_column width=\u00a0\u00bb3\/4&Prime;][vc_text_separator title_level=\u00a0\u00bbh4&Prime; title=\u00a0\u00bbMikvah\u00a0\u00bb color=\u00a0\u00bbcustom\u00a0\u00bb accent_color=\u00a0\u00bb#3c3950&Prime;][vc_column_text el_class=\u00a0\u00bbtext1&Prime;]Le mot \u00ab mikvah \u00bb signifie un regroupement d\u2019eau qui doit \u00eatre&#8230;<\/p>\n","protected":false},"author":1,"featured_media":0,"parent":0,"menu_order":0,"comment_status":"closed","ping_status":"closed","template":"","meta":{"_acf_changed":false,"footnotes":""},"class_list":["post-24983","page","type-page","status-publish"],"acf":[],"aioseo_notices":[],"_links":{"self":[{"href":"https:\/\/www.jccmontreal.org\/fr\/wp-json\/wp\/v2\/pages\/24983","targetHints":{"allow":["GET"]}}],"collection":[{"href":"https:\/\/www.jccmontreal.org\/fr\/wp-json\/wp\/v2\/pages"}],"about":[{"href":"https:\/\/www.jccmontreal.org\/fr\/wp-json\/wp\/v2\/types\/page"}],"author":[{"embeddable":true,"href":"https:\/\/www.jccmontreal.org\/fr\/wp-json\/wp\/v2\/users\/1"}],"replies":[{"embeddable":true,"href":"https:\/\/www.jccmontreal.org\/fr\/wp-json\/wp\/v2\/comments?post=24983"}],"version-history":[{"count":4,"href":"https:\/\/www.jccmontreal.org\/fr\/wp-json\/wp\/v2\/pages\/24983\/revisions"}],"predecessor-version":[{"id":33430,"href":"https:\/\/www.jccmontreal.org\/fr\/wp-json\/wp\/v2\/pages\/24983\/revisions\/33430"}],"wp:attachment":[{"href":"https:\/\/www.jccmontreal.org\/fr\/wp-json\/wp\/v2\/media?parent=24983"}],"curies":[{"name":"wp","href":"https:\/\/api.w.org\/{rel}","templated":true}]}}