{"id":25021,"date":"2018-11-08T02:07:12","date_gmt":"2018-11-08T02:07:12","guid":{"rendered":"https:\/\/jccmontreal.org\/jewish-attestation\/"},"modified":"2024-05-09T14:31:20","modified_gmt":"2024-05-09T18:31:20","slug":"attestation-de-descendance","status":"publish","type":"page","link":"https:\/\/www.jccmontreal.org\/fr\/attestation-de-descendance\/","title":{"rendered":"Attestation de descendance juive"},"content":{"rendered":"<div class=\"wpb-content-wrapper\"><p>[vc_row][vc_column width=\u00a0\u00bb1\/4&Prime;][vc_widget_sidebar sidebar_id=\u00a0\u00bbpage-sidebar-2&Prime;][\/vc_column][vc_column width=\u00a0\u00bb3\/4&Prime;][vc_text_separator title_level=\u00a0\u00bbh4&Prime; title=\u00a0\u00bbAttestation de Descendance Juive\u00a0\u00bb color=\u00a0\u00bbcustom\u00a0\u00bb accent_color=\u00a0\u00bb#212331&Prime;][vc_column_text]Le Beth Din de Montr\u00e9al offre aux membres de la communaut\u00e9 un service qui leur permettra d\u2019obtenir une confirmation \u00e9crite de leur descendance juive. Afin de pouvoir b\u00e9n\u00e9ficier de ce service, veuillez lire attentivement le formulaire et joindre toute la documentation n\u00e9cessaire. Sans cette documentation, nous ne pourrons traiter votre demande.<\/p>\n<p>Des frais de 100 $ seront exig\u00e9s pour ce service.<\/p>\n<p><a class=\"link-text\" href=\"https:\/\/www.jccmontreal.org\/wp-content\/uploads\/2019\/03\/JEWISH-CERTIFICATION-0319.pdf\" target=\"_blank\" rel=\"noopener\">Formulaire d\u2019attestation de descendance juive<\/a>[\/vc_column_text][\/vc_column][\/vc_row][vc_row][vc_column][vc_empty_space height=\u00a0\u00bb10px\u00a0\u00bb][\/vc_column][\/vc_row]<\/p>\n<\/div>","protected":false},"excerpt":{"rendered":"<p>[vc_row][vc_column width=\u00a0\u00bb1\/4&Prime;][vc_widget_sidebar sidebar_id=\u00a0\u00bbpage-sidebar-2&Prime;][\/vc_column][vc_column width=\u00a0\u00bb3\/4&Prime;][vc_text_separator title_level=\u00a0\u00bbh4&Prime; title=\u00a0\u00bbAttestation de Descendance Juive\u00a0\u00bb color=\u00a0\u00bbcustom\u00a0\u00bb accent_color=\u00a0\u00bb#212331&Prime;][vc_column_text]Le Beth Din de Montr\u00e9al offre aux membres de la&#8230;<\/p>\n","protected":false},"author":1,"featured_media":0,"parent":0,"menu_order":0,"comment_status":"closed","ping_status":"closed","template":"","meta":{"_acf_changed":false,"footnotes":""},"class_list":["post-25021","page","type-page","status-publish"],"acf":[],"aioseo_notices":[],"_links":{"self":[{"href":"https:\/\/www.jccmontreal.org\/fr\/wp-json\/wp\/v2\/pages\/25021","targetHints":{"allow":["GET"]}}],"collection":[{"href":"https:\/\/www.jccmontreal.org\/fr\/wp-json\/wp\/v2\/pages"}],"about":[{"href":"https:\/\/www.jccmontreal.org\/fr\/wp-json\/wp\/v2\/types\/page"}],"author":[{"embeddable":true,"href":"https:\/\/www.jccmontreal.org\/fr\/wp-json\/wp\/v2\/users\/1"}],"replies":[{"embeddable":true,"href":"https:\/\/www.jccmontreal.org\/fr\/wp-json\/wp\/v2\/comments?post=25021"}],"version-history":[{"count":8,"href":"https:\/\/www.jccmontreal.org\/fr\/wp-json\/wp\/v2\/pages\/25021\/revisions"}],"predecessor-version":[{"id":33433,"href":"https:\/\/www.jccmontreal.org\/fr\/wp-json\/wp\/v2\/pages\/25021\/revisions\/33433"}],"wp:attachment":[{"href":"https:\/\/www.jccmontreal.org\/fr\/wp-json\/wp\/v2\/media?parent=25021"}],"curies":[{"name":"wp","href":"https:\/\/api.w.org\/{rel}","templated":true}]}}