{"id":25024,"date":"2018-11-09T23:27:50","date_gmt":"2018-11-09T23:27:50","guid":{"rendered":"https:\/\/jccmontreal.org\/other-services\/"},"modified":"2021-02-02T12:29:41","modified_gmt":"2021-02-02T16:29:41","slug":"prestations-de-service","status":"publish","type":"page","link":"https:\/\/www.jccmontreal.org\/fr\/prestations-de-service\/","title":{"rendered":"Prestations de Service"},"content":{"rendered":"<div class=\"wpb-content-wrapper\"><p>[vc_row][vc_column width=\u00a0\u00bb1\/4&Prime;][vc_widget_sidebar sidebar_id=\u00a0\u00bbpage-sidebar-2&Prime;][\/vc_column][vc_column width=\u00a0\u00bb3\/4&Prime;][vc_text_separator title_level=\u00a0\u00bbh4&Prime; title=\u00a0\u00bbPrestations de Service\u00a0\u00bb color=\u00a0\u00bbcustom\u00a0\u00bb accent_color=\u00a0\u00bb#212331&Prime;][vc_text_separator title_level=\u00a0\u00bbh6&Prime; title=\u00a0\u00bbMariage international\u00a0\u00bb color=\u00a0\u00bbcustom\u00a0\u00bb accent_color=\u00a0\u00bb#212331&Prime;][vc_column_text el_class=\u00a0\u00bbtext1&Prime;]Les personnes voulant se marier dans des pays \u00e9trangers ou en Isra\u00ebl ont besoin d\u2019une documentation particuli\u00e8re avant de proc\u00e9der \u00e0 la c\u00e9r\u00e9monie religieuse. Le Beth Din de Montr\u00e9al est en mesure de fournir cette documentation. Les documents contiennent de l\u2019information concernant la descendance juive de la personne ainsi que du lieu de naissance et de l\u2019\u00e9tat civil de la personne.<\/p>\n<p>Des frais de 100 $ seront exig\u00e9s pour ce service.[\/vc_column_text][vc_text_separator title_level=\u00a0\u00bbh6&Prime; title=\u00a0\u00bbH\u00c9RITAGE\u00a0\u00bb color=\u00a0\u00bbcustom\u00a0\u00bb accent_color=\u00a0\u00bb#212331&Prime;][vc_column_text el_class=\u00a0\u00bbtext1&Prime;]Le Beth Din convoque des audiences pour des cas concernant le statut d\u2019une personne ainsi que pour des cas d\u2019h\u00e9ritage. Comme il est souvent exig\u00e9 par la loi en Isra\u00ebl, un document relatif \u00e0 un testament doit \u00eatre sign\u00e9 devant un Beth Din (3 juges).<\/p>\n<p>Des frais de 150 $ seront exig\u00e9s pour ce service.[\/vc_column_text][\/vc_column][\/vc_row][vc_row][vc_column][vc_empty_space height=\u00a0\u00bb10px\u00a0\u00bb][\/vc_column][\/vc_row]<\/p>\n<\/div>","protected":false},"excerpt":{"rendered":"<p>[vc_row][vc_column width=\u00a0\u00bb1\/4&Prime;][vc_widget_sidebar sidebar_id=\u00a0\u00bbpage-sidebar-2&Prime;][\/vc_column][vc_column width=\u00a0\u00bb3\/4&Prime;][vc_text_separator title_level=\u00a0\u00bbh4&Prime; title=\u00a0\u00bbPrestations de Service\u00a0\u00bb color=\u00a0\u00bbcustom\u00a0\u00bb accent_color=\u00a0\u00bb#212331&Prime;][vc_text_separator title_level=\u00a0\u00bbh6&Prime; title=\u00a0\u00bbMariage international\u00a0\u00bb color=\u00a0\u00bbcustom\u00a0\u00bb accent_color=\u00a0\u00bb#212331&Prime;][vc_column_text el_class=\u00a0\u00bbtext1&Prime;]Les personnes voulant se marier&#8230;<\/p>\n","protected":false},"author":1,"featured_media":0,"parent":0,"menu_order":0,"comment_status":"closed","ping_status":"closed","template":"","meta":{"_acf_changed":false,"footnotes":""},"class_list":["post-25024","page","type-page","status-publish"],"acf":[],"aioseo_notices":[],"_links":{"self":[{"href":"https:\/\/www.jccmontreal.org\/fr\/wp-json\/wp\/v2\/pages\/25024","targetHints":{"allow":["GET"]}}],"collection":[{"href":"https:\/\/www.jccmontreal.org\/fr\/wp-json\/wp\/v2\/pages"}],"about":[{"href":"https:\/\/www.jccmontreal.org\/fr\/wp-json\/wp\/v2\/types\/page"}],"author":[{"embeddable":true,"href":"https:\/\/www.jccmontreal.org\/fr\/wp-json\/wp\/v2\/users\/1"}],"replies":[{"embeddable":true,"href":"https:\/\/www.jccmontreal.org\/fr\/wp-json\/wp\/v2\/comments?post=25024"}],"version-history":[{"count":7,"href":"https:\/\/www.jccmontreal.org\/fr\/wp-json\/wp\/v2\/pages\/25024\/revisions"}],"predecessor-version":[{"id":27526,"href":"https:\/\/www.jccmontreal.org\/fr\/wp-json\/wp\/v2\/pages\/25024\/revisions\/27526"}],"wp:attachment":[{"href":"https:\/\/www.jccmontreal.org\/fr\/wp-json\/wp\/v2\/media?parent=25024"}],"curies":[{"name":"wp","href":"https:\/\/api.w.org\/{rel}","templated":true}]}}