{"id":25030,"date":"2018-11-06T23:43:51","date_gmt":"2018-11-06T23:43:51","guid":{"rendered":"https:\/\/jccmontreal.org\/application\/"},"modified":"2021-02-02T09:19:50","modified_gmt":"2021-02-02T13:19:50","slug":"demande","status":"publish","type":"page","link":"https:\/\/www.jccmontreal.org\/fr\/demande\/","title":{"rendered":"L\u2019Institut Ruth"},"content":{"rendered":"<div class=\"wpb-content-wrapper\"><p>[vc_row][vc_column width=\u00a0\u00bb1\/4&Prime;][vc_widget_sidebar sidebar_id=\u00a0\u00bbpage-sidebar-2&Prime;][\/vc_column][vc_column width=\u00a0\u00bb3\/4&Prime;][vc_text_separator title_level=\u00a0\u00bbh4&Prime; title=\u00a0\u00bbFrench Application\u00a0\u00bb color=\u00a0\u00bbcustom\u00a0\u00bb accent_color=\u00a0\u00bb#212331&Prime;][vc_column_text el_class=\u00a0\u00bbtext1&Prime;]<a class=\"link-text\" href=\"https:\/\/jewishconversion.ca\/fr\/application\/\" target=\"_blank\" rel=\"noopener\"><strong>Demande de conversion<\/strong><\/a>[\/vc_column_text][vc_text_separator title_level=\u00a0\u00bbh6&Prime; title=\u00a0\u00bbRuth Institute\u00a0\u00bb color=\u00a0\u00bbcustom\u00a0\u00bb accent_color=\u00a0\u00bb#181828&Prime;][vc_column_text el_class=\u00a0\u00bbtext1&Prime;]Il existe un m\u00e9canisme, sous la direction du Beth Din et de l\u2019Institut Ruth de Montr\u00e9al, qui permet aux non-juifs sinc\u00e8res de se convertir au juda\u00efsme.<\/p>\n<p>Le Beth Din et l\u2019Institut Ruth sont responsables de la supervision et de l\u2019autorisation des conversions orthodoxes \u00e0 Montr\u00e9al. Ils traitent toutes les demandes selon leurs validit\u00e9s et ne rencontrent que les personnes qui comprennent v\u00e9ritablement qu\u2019elles peuvent devenir membres du peuple juif que si engag\u00e9es pleinement. Ceci est essentiel, puisque la validit\u00e9 halachique d\u2019une conversion orthodoxe est bas\u00e9e sur un engagement solennel d\u2019accepter le juda\u00efsme dans sa totalit\u00e9.<\/p>\n<p>Le Beth Din est disponible pour discuter des enjeux de la conversion avec les parties int\u00e9ress\u00e9es, sans engagement de la part de celles-ci. De telles discussions aideront \u00e0 clarifier les enjeux et \u00e0 d\u00e9terminer si la conversion est la meilleure option \u00e0 suivre.[\/vc_column_text][\/vc_column][\/vc_row][vc_row][vc_column][vc_empty_space height=\u00a0\u00bb10px\u00a0\u00bb][\/vc_column][\/vc_row]<\/p>\n<\/div>","protected":false},"excerpt":{"rendered":"<p>[vc_row][vc_column width=\u00a0\u00bb1\/4&Prime;][vc_widget_sidebar sidebar_id=\u00a0\u00bbpage-sidebar-2&Prime;][\/vc_column][vc_column width=\u00a0\u00bb3\/4&Prime;][vc_text_separator title_level=\u00a0\u00bbh4&Prime; title=\u00a0\u00bbFrench Application\u00a0\u00bb color=\u00a0\u00bbcustom\u00a0\u00bb accent_color=\u00a0\u00bb#212331&Prime;][vc_column_text el_class=\u00a0\u00bbtext1&Prime;]Demande de conversion[\/vc_column_text][vc_text_separator title_level=\u00a0\u00bbh6&Prime; title=\u00a0\u00bbRuth Institute\u00a0\u00bb color=\u00a0\u00bbcustom\u00a0\u00bb accent_color=\u00a0\u00bb#181828&Prime;][vc_column_text el_class=\u00a0\u00bbtext1&Prime;]Il existe un&#8230;<\/p>\n","protected":false},"author":1,"featured_media":0,"parent":0,"menu_order":0,"comment_status":"closed","ping_status":"closed","template":"","meta":{"_acf_changed":false,"footnotes":""},"class_list":["post-25030","page","type-page","status-publish"],"acf":[],"aioseo_notices":[],"_links":{"self":[{"href":"https:\/\/www.jccmontreal.org\/fr\/wp-json\/wp\/v2\/pages\/25030","targetHints":{"allow":["GET"]}}],"collection":[{"href":"https:\/\/www.jccmontreal.org\/fr\/wp-json\/wp\/v2\/pages"}],"about":[{"href":"https:\/\/www.jccmontreal.org\/fr\/wp-json\/wp\/v2\/types\/page"}],"author":[{"embeddable":true,"href":"https:\/\/www.jccmontreal.org\/fr\/wp-json\/wp\/v2\/users\/1"}],"replies":[{"embeddable":true,"href":"https:\/\/www.jccmontreal.org\/fr\/wp-json\/wp\/v2\/comments?post=25030"}],"version-history":[{"count":6,"href":"https:\/\/www.jccmontreal.org\/fr\/wp-json\/wp\/v2\/pages\/25030\/revisions"}],"predecessor-version":[{"id":27513,"href":"https:\/\/www.jccmontreal.org\/fr\/wp-json\/wp\/v2\/pages\/25030\/revisions\/27513"}],"wp:attachment":[{"href":"https:\/\/www.jccmontreal.org\/fr\/wp-json\/wp\/v2\/media?parent=25030"}],"curies":[{"name":"wp","href":"https:\/\/api.w.org\/{rel}","templated":true}]}}