{"id":25310,"date":"2018-11-06T23:58:56","date_gmt":"2018-11-06T23:58:56","guid":{"rendered":"https:\/\/www.jccmontreal.org\/sur\/"},"modified":"2018-11-06T23:58:56","modified_gmt":"2018-11-06T23:58:56","slug":"sur","status":"publish","type":"page","link":"https:\/\/www.jccmontreal.org\/fr\/sur\/","title":{"rendered":"Sur"},"content":{"rendered":"<div class=\"wpb-content-wrapper\"><p>[vc_row][vc_column width=\u00a0\u00bb1\/4&Prime;][vc_widget_sidebar sidebar_id=\u00a0\u00bbpage-sidebar-2&Prime;][\/vc_column][vc_column width=\u00a0\u00bb3\/4&Prime;][vc_text_separator title_level=\u00a0\u00bbh4&Prime; title=\u00a0\u00bbSur\u00a0\u00bb color=\u00a0\u00bbcustom\u00a0\u00bb accent_color=\u00a0\u00bb#181828&Prime;][vc_column_text el_class=\u00a0\u00bbtext1&Prime;]Le comit\u00e9 d\u2019\u00e9thique m\u00e9dicale a \u00e9t\u00e9 form\u00e9 \u00e0 Montr\u00e9al en janvier 2007. Sous la direction du Rabbin Yonasan Binyomin Weiss, le comit\u00e9 a pour but d\u2019aider les m\u00e9decins dans diff\u00e9rents h\u00f4pitaux \u00e0 travers le Qu\u00e9bec lorsqu\u2019ils ont des questions concernant des cas de patients en fin de vie.<\/p>\n<p>Si une personne se retrouve dans une situation o\u00f9 un \u00eatre cher tombe malade et une question pourrait se poser, il ou elle peut appeler le bureau au (514) 739-6363 pour recevoir de l\u2019assistance.<\/p>\n<p>Nous sommes pr\u00e9sentement en train d\u2019\u00e9tablir un protocole qui sera officialis\u00e9 dans le syst\u00e8me hospitalier. Les m\u00e9decins et les infirmi\u00e8res seront inform\u00e9s des particularit\u00e9s des soins des patients juifs et de leur famille dans un moment difficile.<\/p>\n<p>Une nouvelle s\u00e9rie de conf\u00e9rences donn\u00e9es par le Rabbin Weiss a d\u00e9but\u00e9 dans les locaux du Conseil de la Communaut\u00e9 Juive de Montr\u00e9al. Le Rabbin Weiss donne un cours \u00e0 un groupe plusieurs m\u00e9decins de Montr\u00e9al qui porte sur diff\u00e9rents sujets m\u00e9dicaux et il parle \u00e9galement des enjeux halachiques qui peuvent survenir.<\/p>\n<p>Pour commander des exemplaires de ces conf\u00e9rences, veuillez \u00e9crire \u00e0 <a class=\"link-text\" href=\"mailto:medical.ethics@mk.ca\">medical.ethics@mk.ca<\/a>[\/vc_column_text][\/vc_column][\/vc_row][vc_row][vc_column][vc_empty_space height=\u00a0\u00bb10px\u00a0\u00bb][\/vc_column][\/vc_row]<\/p>\n<\/div>","protected":false},"excerpt":{"rendered":"<p>[vc_row][vc_column width=\u00a0\u00bb1\/4&Prime;][vc_widget_sidebar sidebar_id=\u00a0\u00bbpage-sidebar-2&Prime;][\/vc_column][vc_column width=\u00a0\u00bb3\/4&Prime;][vc_text_separator title_level=\u00a0\u00bbh4&Prime; title=\u00a0\u00bbSur\u00a0\u00bb color=\u00a0\u00bbcustom\u00a0\u00bb accent_color=\u00a0\u00bb#181828&Prime;][vc_column_text el_class=\u00a0\u00bbtext1&Prime;]Le comit\u00e9 d\u2019\u00e9thique m\u00e9dicale a \u00e9t\u00e9 form\u00e9 \u00e0 Montr\u00e9al en janvier 2007&#8230;.<\/p>\n","protected":false},"author":1,"featured_media":0,"parent":0,"menu_order":0,"comment_status":"closed","ping_status":"closed","template":"","meta":{"_acf_changed":false,"footnotes":""},"class_list":["post-25310","page","type-page","status-publish"],"acf":[],"aioseo_notices":[],"_links":{"self":[{"href":"https:\/\/www.jccmontreal.org\/fr\/wp-json\/wp\/v2\/pages\/25310","targetHints":{"allow":["GET"]}}],"collection":[{"href":"https:\/\/www.jccmontreal.org\/fr\/wp-json\/wp\/v2\/pages"}],"about":[{"href":"https:\/\/www.jccmontreal.org\/fr\/wp-json\/wp\/v2\/types\/page"}],"author":[{"embeddable":true,"href":"https:\/\/www.jccmontreal.org\/fr\/wp-json\/wp\/v2\/users\/1"}],"replies":[{"embeddable":true,"href":"https:\/\/www.jccmontreal.org\/fr\/wp-json\/wp\/v2\/comments?post=25310"}],"version-history":[{"count":0,"href":"https:\/\/www.jccmontreal.org\/fr\/wp-json\/wp\/v2\/pages\/25310\/revisions"}],"wp:attachment":[{"href":"https:\/\/www.jccmontreal.org\/fr\/wp-json\/wp\/v2\/media?parent=25310"}],"curies":[{"name":"wp","href":"https:\/\/api.w.org\/{rel}","templated":true}]}}