{"id":27714,"date":"2021-02-08T18:34:18","date_gmt":"2021-02-08T22:34:18","guid":{"rendered":"https:\/\/jccmontreal.org\/?page_id=27714"},"modified":"2021-02-08T18:34:18","modified_gmt":"2021-02-08T22:34:18","slug":"mariage-international","status":"publish","type":"page","link":"https:\/\/www.jccmontreal.org\/fr\/mariage-international\/","title":{"rendered":"MARIAGE INTERNATIONAL"},"content":{"rendered":"<div class=\"wpb-content-wrapper\"><p>[vc_row][vc_column width=\u00a0\u00bb1\/4&Prime;][vc_widget_sidebar sidebar_id=\u00a0\u00bbpage-sidebar-2&Prime;][\/vc_column][vc_column width=\u00a0\u00bb3\/4&Prime;][vc_text_separator title_level=\u00a0\u00bbh6&Prime; title=\u00a0\u00bbMARIAGE INTERNATIONAL\u00a0\u00bb color=\u00a0\u00bbcustom\u00a0\u00bb accent_color=\u00a0\u00bb#212331&Prime;][vc_column_text el_class=\u00a0\u00bbtext1&Prime;]Les personnes voulant se marier dans des pays \u00e9trangers ou en Isra\u00ebl ont besoin d\u2019une documentation particuli\u00e8re avant de proc\u00e9der \u00e0 la c\u00e9r\u00e9monie religieuse. Le Beth Din de Montr\u00e9al est en mesure de fournir cette documentation. Les documents contiennent de l\u2019information concernant la descendance juive de la personne ainsi que du lieu de naissance et de l\u2019\u00e9tat civil de la personne.<\/p>\n<p>Des frais de 100 $ seront exig\u00e9s pour ce service.[\/vc_column_text][\/vc_column][\/vc_row][vc_row][vc_column][vc_empty_space height=\u00a0\u00bb10px\u00a0\u00bb][\/vc_column][\/vc_row]<\/p>\n<\/div>","protected":false},"excerpt":{"rendered":"<p>[vc_row][vc_column width=\u00a0\u00bb1\/4&Prime;][vc_widget_sidebar sidebar_id=\u00a0\u00bbpage-sidebar-2&Prime;][\/vc_column][vc_column width=\u00a0\u00bb3\/4&Prime;][vc_text_separator title_level=\u00a0\u00bbh6&Prime; title=\u00a0\u00bbMARIAGE INTERNATIONAL\u00a0\u00bb color=\u00a0\u00bbcustom\u00a0\u00bb accent_color=\u00a0\u00bb#212331&Prime;][vc_column_text el_class=\u00a0\u00bbtext1&Prime;]Les personnes voulant se marier dans des pays \u00e9trangers ou en&#8230;<\/p>\n","protected":false},"author":1,"featured_media":0,"parent":0,"menu_order":0,"comment_status":"closed","ping_status":"closed","template":"","meta":{"_acf_changed":false,"footnotes":""},"class_list":["post-27714","page","type-page","status-publish"],"acf":[],"aioseo_notices":[],"_links":{"self":[{"href":"https:\/\/www.jccmontreal.org\/fr\/wp-json\/wp\/v2\/pages\/27714","targetHints":{"allow":["GET"]}}],"collection":[{"href":"https:\/\/www.jccmontreal.org\/fr\/wp-json\/wp\/v2\/pages"}],"about":[{"href":"https:\/\/www.jccmontreal.org\/fr\/wp-json\/wp\/v2\/types\/page"}],"author":[{"embeddable":true,"href":"https:\/\/www.jccmontreal.org\/fr\/wp-json\/wp\/v2\/users\/1"}],"replies":[{"embeddable":true,"href":"https:\/\/www.jccmontreal.org\/fr\/wp-json\/wp\/v2\/comments?post=27714"}],"version-history":[{"count":1,"href":"https:\/\/www.jccmontreal.org\/fr\/wp-json\/wp\/v2\/pages\/27714\/revisions"}],"predecessor-version":[{"id":27715,"href":"https:\/\/www.jccmontreal.org\/fr\/wp-json\/wp\/v2\/pages\/27714\/revisions\/27715"}],"wp:attachment":[{"href":"https:\/\/www.jccmontreal.org\/fr\/wp-json\/wp\/v2\/media?parent=27714"}],"curies":[{"name":"wp","href":"https:\/\/api.w.org\/{rel}","templated":true}]}}