{"id":27716,"date":"2021-02-08T18:41:04","date_gmt":"2021-02-08T22:41:04","guid":{"rendered":"https:\/\/jccmontreal.org\/?page_id=27716"},"modified":"2021-02-08T18:41:04","modified_gmt":"2021-02-08T22:41:04","slug":"heritage","status":"publish","type":"page","link":"https:\/\/www.jccmontreal.org\/fr\/heritage\/","title":{"rendered":"H\u00c9RITAGE"},"content":{"rendered":"<div class=\"wpb-content-wrapper\"><p>[vc_row][vc_column width=\u00a0\u00bb1\/4&Prime;][vc_widget_sidebar sidebar_id=\u00a0\u00bbpage-sidebar-2&Prime;][\/vc_column][vc_column width=\u00a0\u00bb3\/4&Prime;][vc_text_separator title_level=\u00a0\u00bbh6&Prime; title=\u00a0\u00bbH\u00c9RITAGE\u00a0\u00bb color=\u00a0\u00bbcustom\u00a0\u00bb accent_color=\u00a0\u00bb#212331&Prime;][vc_column_text el_class=\u00a0\u00bbtext1&Prime;]Le Beth Din convoque des audiences pour des cas concernant le statut d\u2019une personne ainsi que pour des cas d\u2019h\u00e9ritage. Comme il est souvent exig\u00e9 par la loi en Isra\u00ebl, un document relatif \u00e0 un testament doit \u00eatre sign\u00e9 devant un Beth Din (3 juges).<\/p>\n<p>Des frais de 150 $ seront exig\u00e9s pour ce service.[\/vc_column_text][\/vc_column][\/vc_row][vc_row][vc_column][vc_empty_space height=\u00a0\u00bb10px\u00a0\u00bb][\/vc_column][\/vc_row]<\/p>\n<\/div>","protected":false},"excerpt":{"rendered":"<p>[vc_row][vc_column width=\u00a0\u00bb1\/4&Prime;][vc_widget_sidebar sidebar_id=\u00a0\u00bbpage-sidebar-2&Prime;][\/vc_column][vc_column width=\u00a0\u00bb3\/4&Prime;][vc_text_separator title_level=\u00a0\u00bbh6&Prime; title=\u00a0\u00bbH\u00c9RITAGE\u00a0\u00bb color=\u00a0\u00bbcustom\u00a0\u00bb accent_color=\u00a0\u00bb#212331&Prime;][vc_column_text el_class=\u00a0\u00bbtext1&Prime;]Le Beth Din convoque des audiences pour des cas concernant le statut&#8230;<\/p>\n","protected":false},"author":1,"featured_media":0,"parent":0,"menu_order":0,"comment_status":"closed","ping_status":"closed","template":"","meta":{"_acf_changed":false,"footnotes":""},"class_list":["post-27716","page","type-page","status-publish"],"acf":[],"aioseo_notices":[],"_links":{"self":[{"href":"https:\/\/www.jccmontreal.org\/fr\/wp-json\/wp\/v2\/pages\/27716","targetHints":{"allow":["GET"]}}],"collection":[{"href":"https:\/\/www.jccmontreal.org\/fr\/wp-json\/wp\/v2\/pages"}],"about":[{"href":"https:\/\/www.jccmontreal.org\/fr\/wp-json\/wp\/v2\/types\/page"}],"author":[{"embeddable":true,"href":"https:\/\/www.jccmontreal.org\/fr\/wp-json\/wp\/v2\/users\/1"}],"replies":[{"embeddable":true,"href":"https:\/\/www.jccmontreal.org\/fr\/wp-json\/wp\/v2\/comments?post=27716"}],"version-history":[{"count":1,"href":"https:\/\/www.jccmontreal.org\/fr\/wp-json\/wp\/v2\/pages\/27716\/revisions"}],"predecessor-version":[{"id":27717,"href":"https:\/\/www.jccmontreal.org\/fr\/wp-json\/wp\/v2\/pages\/27716\/revisions\/27717"}],"wp:attachment":[{"href":"https:\/\/www.jccmontreal.org\/fr\/wp-json\/wp\/v2\/media?parent=27716"}],"curies":[{"name":"wp","href":"https:\/\/api.w.org\/{rel}","templated":true}]}}