{"id":27762,"date":"2021-02-19T12:28:33","date_gmt":"2021-02-19T16:28:33","guid":{"rendered":"https:\/\/jccmontreal.org\/?page_id=27762"},"modified":"2025-02-04T11:16:07","modified_gmt":"2025-02-04T15:16:07","slug":"heter-iska","status":"publish","type":"page","link":"https:\/\/www.jccmontreal.org\/fr\/heter-iska\/","title":{"rendered":"Heter Iska"},"content":{"rendered":"<div class=\"wpb-content-wrapper\"><p>[vc_row][vc_column width=\u00a0\u00bb1\/4&Prime;][vc_widget_sidebar sidebar_id=\u00a0\u00bbpage-sidebar-2&Prime;][\/vc_column][vc_column width=\u00a0\u00bb3\/4&Prime;][vc_text_separator title_level=\u00a0\u00bbh4&Prime; title=\u00a0\u00bbHeter Iska\u00a0\u00bb color=\u00a0\u00bbcustom\u00a0\u00bb accent_color=\u00a0\u00bb#212331&Prime;][vc_column_text el_class=\u00a0\u00bbtext1&Prime;]Heter Iska veut dire \u00ab autorisation de transiger \u00bb<\/p>\n<p>La Torah interdit strictement le recouvrement ou le paiement d\u2019int\u00e9r\u00eats sur un pr\u00eat accord\u00e9 par un juif \u00e0 un autre.<\/p>\n<p>Compte tenu de cette loi, il existe une proc\u00e9dure, appel\u00e9e heter iska (autorisation de transiger) qui permet de tirer profit des fonds pr\u00eat\u00e9s \u00e0 son prochain.<\/p>\n<p>Dans un contrat de heter iska, il est pr\u00e9vu que l\u2019argent n\u2019est pas un pr\u00eat, mais un investissement dans une coentreprise et que les profits seront partag\u00e9s entre le propri\u00e9taire du capital et celui qui a obtenu le droit de l\u2019utiliser et de le g\u00e9rer.<\/p>\n<p>La question essentielle concernant un heter iska est la suivante : pourquoi est-il interdit d\u2019exiger le paiement d\u2019int\u00e9r\u00eats, alors que le partage de profits sur un investissement est permis?<\/p>\n<p>L\u00e9galement, la diff\u00e9rence est que dans le cas d\u2019un pr\u00eat, l\u2019argent n\u2019appartient plus au pr\u00eateur. D\u00e8s que l\u2019emprunteur re\u00e7oit l\u2019argent, il lui appartient \u00e0 tous les \u00e9gards (sur la pr\u00e9misse qu\u2019il assume l\u2019obligation de faire un paiement du m\u00eame montant au pr\u00eateur \u00e0 une date ult\u00e9rieure).<\/p>\n<p>Donc, si le pr\u00eateur exigeait des frais ou un pourcentage, il serait en train d\u2019imposer des int\u00e9r\u00eats sur de l\u2019argent qui a \u00e9t\u00e9 pr\u00eat\u00e9, ce qui est interdit par la Torah.<br \/>\nLorsqu\u2019il y a une entente de heter iska, l\u2019argent demeure la propri\u00e9t\u00e9 de l\u2019investisseur (en partenariat avec celui \u00e0 qui l\u2019argent a \u00e9t\u00e9 confi\u00e9) et la compensation qu\u2019il re\u00e7oit n\u2019est pas un \u00ab profit libre \u00bb, mais un profit g\u00e9n\u00e9r\u00e9 par son investissement.<\/p>\n<p>[\/vc_column_text]<div class=\"gem-button-container gem-button-position-inline thegem-button-69e3e101a597b9245    \"  ><a title=\"Heter Iska Form\" class=\"gem-button gem-button-size-small gem-button-style-flat gem-button-text-weight-normal\" data-ll-effect=\"drop-right-without-wrap\" style=\"border-radius: 5px;background-color: #173f5f;\" onmouseleave=\"this.style.backgroundColor='#173f5f';\" onmouseenter=\"this.style.backgroundColor='#0c314e';\" href=\"https:\/\/jccmontreal.org\/wp-content\/uploads\/2021\/02\/Heter-Iska-form.pdf\" target=\"_blank\">Heter Iska Form<\/a><\/div> [vc_column_text css=\u00a0\u00bb\u00a0\u00bb]Veuillez remplir le formulaire et l&rsquo;envoyer par courrier \u00e9lectronique \u00e0 <a href=\"mailto:Office@bethdin.ca\">Office@bethdin.ca<\/a>[\/vc_column_text][\/vc_column][\/vc_row][vc_row][vc_column][vc_empty_space height=\u00a0\u00bb10px\u00a0\u00bb][\/vc_column][\/vc_row]<\/p>\n<\/div>","protected":false},"excerpt":{"rendered":"<p>[vc_row][vc_column width=\u00a0\u00bb1\/4&Prime;][vc_widget_sidebar sidebar_id=\u00a0\u00bbpage-sidebar-2&Prime;][\/vc_column][vc_column width=\u00a0\u00bb3\/4&Prime;][vc_text_separator title_level=\u00a0\u00bbh4&Prime; title=\u00a0\u00bbHeter Iska\u00a0\u00bb color=\u00a0\u00bbcustom\u00a0\u00bb accent_color=\u00a0\u00bb#212331&Prime;][vc_column_text el_class=\u00a0\u00bbtext1&Prime;]Heter Iska veut dire \u00ab autorisation de transiger \u00bb La Torah&#8230;<\/p>\n","protected":false},"author":1,"featured_media":0,"parent":0,"menu_order":0,"comment_status":"closed","ping_status":"closed","template":"","meta":{"_acf_changed":false,"footnotes":""},"class_list":["post-27762","page","type-page","status-publish"],"acf":[],"aioseo_notices":[],"_links":{"self":[{"href":"https:\/\/www.jccmontreal.org\/fr\/wp-json\/wp\/v2\/pages\/27762","targetHints":{"allow":["GET"]}}],"collection":[{"href":"https:\/\/www.jccmontreal.org\/fr\/wp-json\/wp\/v2\/pages"}],"about":[{"href":"https:\/\/www.jccmontreal.org\/fr\/wp-json\/wp\/v2\/types\/page"}],"author":[{"embeddable":true,"href":"https:\/\/www.jccmontreal.org\/fr\/wp-json\/wp\/v2\/users\/1"}],"replies":[{"embeddable":true,"href":"https:\/\/www.jccmontreal.org\/fr\/wp-json\/wp\/v2\/comments?post=27762"}],"version-history":[{"count":5,"href":"https:\/\/www.jccmontreal.org\/fr\/wp-json\/wp\/v2\/pages\/27762\/revisions"}],"predecessor-version":[{"id":37850,"href":"https:\/\/www.jccmontreal.org\/fr\/wp-json\/wp\/v2\/pages\/27762\/revisions\/37850"}],"wp:attachment":[{"href":"https:\/\/www.jccmontreal.org\/fr\/wp-json\/wp\/v2\/media?parent=27762"}],"curies":[{"name":"wp","href":"https:\/\/api.w.org\/{rel}","templated":true}]}}