{"id":27804,"date":"2021-02-26T13:03:39","date_gmt":"2021-02-26T17:03:39","guid":{"rendered":"https:\/\/jccmontreal.org\/?page_id=27804"},"modified":"2022-05-12T19:02:53","modified_gmt":"2022-05-12T23:02:53","slug":"directive-medicale-halachique-pour-le-quebec","status":"publish","type":"page","link":"https:\/\/www.jccmontreal.org\/fr\/directive-medicale-halachique-pour-le-quebec\/","title":{"rendered":"Directive m\u00e9dicale halachique pour le Qu\u00e9bec"},"content":{"rendered":"<div class=\"wpb-content-wrapper\"><p>[vc_row][vc_column width=\u00a0\u00bb1\/4&Prime;][vc_widget_sidebar sidebar_id=\u00a0\u00bbpage-sidebar-2&Prime;][\/vc_column][vc_column width=\u00a0\u00bb3\/4&Prime;][vc_text_separator title_level=\u00a0\u00bbh4&Prime; title=\u00a0\u00bbDirective m\u00e9dicale halachique pour le Qu\u00e9bec\u00a0\u00bb color=\u00a0\u00bbcustom\u00a0\u00bb accent_color=\u00a0\u00bb#212331&Prime;][vc_column_text el_class=\u00a0\u00bbtext1&Prime;]Une directive m\u00e9dicale, aussi connue sous le nom de testament de vie, ou procuration, est un document l\u00e9gal dans lequel une personne indique les soins \u00e0 fournir et les actions \u00e0 entreprendre dans le cas o\u00f9 il est incapable de prendre des d\u00e9cisions en raison de maladie ou d\u2019invalidit\u00e9.<\/p>\n<p>Un testament de vie est un document \u00e9crit qui indique les types de traitements m\u00e9dicaux souhait\u00e9s. Un testament de vie peut \u00eatre r\u00e9dig\u00e9 de mani\u00e8re tr\u00e8s g\u00e9n\u00e9rale ou tr\u00e8s pr\u00e9cise.<\/p>\n<p>Un testament de vie peut comprendre de l\u2019information concernant l\u2019analg\u00e9sie (soulagement de douleur), les antibiotiques, l\u2019hydratation, la nourriture et les respirateurs ou la r\u00e9animation cardiorespiratoire.<\/p>\n<p>La procuration pour soins de sant\u00e9 est un document qui d\u00e9signe un repr\u00e9sentant l\u00e9gal qui est en mesure de prendre des d\u00e9cisions m\u00e9dicales dans le cas o\u00f9 une personne est incapable d\u2019exprimer ses souhaits. Le mandataire dispose des m\u00eames droits que l\u2019individu malade quant \u00e0 la demande ou le refus d\u2019un traitement. Un tel document est recommand\u00e9 pour tout patient qui risque ne plus pouvoir faire connaitre ses souhaits dans le cas d\u2019une longue maladie.[\/vc_column_text][vc_column_text el_class=\u00a0\u00bbtext1&Prime;]<strong style=\"color: #173f5f;\">Halachic Medical Directive for Quebec:<\/strong><\/p>\n<p><a class=\"link-text\" href=\"#\">Directive m\u00e9dicale halachique pour le Qu\u00e9bec<\/a>[\/vc_column_text][\/vc_column][\/vc_row][vc_row][vc_column][vc_empty_space height=\u00a0\u00bb10px\u00a0\u00bb][\/vc_column][\/vc_row]<\/p>\n<\/div>","protected":false},"excerpt":{"rendered":"<p>[vc_row][vc_column width=\u00a0\u00bb1\/4&Prime;][vc_widget_sidebar sidebar_id=\u00a0\u00bbpage-sidebar-2&Prime;][\/vc_column][vc_column width=\u00a0\u00bb3\/4&Prime;][vc_text_separator title_level=\u00a0\u00bbh4&Prime; title=\u00a0\u00bbDirective m\u00e9dicale halachique pour le Qu\u00e9bec\u00a0\u00bb color=\u00a0\u00bbcustom\u00a0\u00bb accent_color=\u00a0\u00bb#212331&Prime;][vc_column_text el_class=\u00a0\u00bbtext1&Prime;]Une directive m\u00e9dicale, aussi connue sous le&#8230;<\/p>\n","protected":false},"author":1,"featured_media":0,"parent":0,"menu_order":0,"comment_status":"closed","ping_status":"closed","template":"","meta":{"_acf_changed":false,"footnotes":""},"class_list":["post-27804","page","type-page","status-publish"],"acf":[],"aioseo_notices":[],"_links":{"self":[{"href":"https:\/\/www.jccmontreal.org\/fr\/wp-json\/wp\/v2\/pages\/27804","targetHints":{"allow":["GET"]}}],"collection":[{"href":"https:\/\/www.jccmontreal.org\/fr\/wp-json\/wp\/v2\/pages"}],"about":[{"href":"https:\/\/www.jccmontreal.org\/fr\/wp-json\/wp\/v2\/types\/page"}],"author":[{"embeddable":true,"href":"https:\/\/www.jccmontreal.org\/fr\/wp-json\/wp\/v2\/users\/1"}],"replies":[{"embeddable":true,"href":"https:\/\/www.jccmontreal.org\/fr\/wp-json\/wp\/v2\/comments?post=27804"}],"version-history":[{"count":2,"href":"https:\/\/www.jccmontreal.org\/fr\/wp-json\/wp\/v2\/pages\/27804\/revisions"}],"predecessor-version":[{"id":28487,"href":"https:\/\/www.jccmontreal.org\/fr\/wp-json\/wp\/v2\/pages\/27804\/revisions\/28487"}],"wp:attachment":[{"href":"https:\/\/www.jccmontreal.org\/fr\/wp-json\/wp\/v2\/media?parent=27804"}],"curies":[{"name":"wp","href":"https:\/\/api.w.org\/{rel}","templated":true}]}}