{"id":28016,"date":"2021-04-23T11:06:13","date_gmt":"2021-04-23T15:06:13","guid":{"rendered":"https:\/\/jccmontreal.org\/?page_id=28016"},"modified":"2021-04-23T11:55:05","modified_gmt":"2021-04-23T15:55:05","slug":"enquete-dinformation","status":"publish","type":"page","link":"https:\/\/www.jccmontreal.org\/fr\/enquete-dinformation\/","title":{"rendered":"Enqu\u00eate d&rsquo;information"},"content":{"rendered":"<div class=\"wpb-content-wrapper\"><p>[vc_row][vc_column][vc_column_text]\u00c0 la lumi\u00e8re de certains reportages erron\u00e9s et irr\u00e9fl\u00e9chis publi\u00e9s dans les m\u00e9dias ces derni\u00e8res semaines, la communaut\u00e9 juive est une fois de plus injustement accus\u00e9e de ne pas respecter les mesures sanitaires en place contre la COVID-19. Cette fois, il s\u2019agit des reportages sur les juifs canadiens qui traversent la fronti\u00e8re entre New York et le Qu\u00e9bec pour rendre visite \u00e0 leur famille.<\/p>\n<p>Nous avons rencontr\u00e9 \u00e0 deux reprises des repr\u00e9sentants de l\u2019Agence des services frontaliers du Canada (ASFC) afin de mieux comprendre les probl\u00e8mes r\u00e9cents impliquant des membres de la communaut\u00e9 juive et de discuter de la fa\u00e7on dont nous pouvons rendre le passage \u00e0 la fronti\u00e8re plus efficace, plus s\u00e9curitaire et plus agr\u00e9able pour toutes les personnes concern\u00e9es. L\u2019ASFC est bien consciente que les relations se sont d\u00e9t\u00e9rior\u00e9es et est troubl\u00e9e par le fait que le niveau de m\u00e9fiance a atteint le point o\u00f9 certains voyageurs enregistrent leurs interactions avec les agents. Pr\u00e9occup\u00e9e par le manque de civilit\u00e9 aux postes frontaliers, elle s\u2019engage \u00e0 travailler avec nous afin d\u2019am\u00e9liorer la situation.<\/p>\n<h5><b>Afin de pouvoir fournir un meilleur contexte, nous avons besoin de votre aide. Nous vous demandons de s\u2019il vous plait prendre quelques minutes pour r\u00e9pondre au sondage ci-joint.<\/b><\/h5>\n<p>Merci d\u2019avance pour votre collaboration[\/vc_column_text]<div class=\"gem-button-container gem-button-position-center thegem-button-69dd69c6db2856923    \"  ><a class=\"gem-button gem-button-size-small gem-button-style-flat gem-button-text-weight-normal\" data-ll-effect=\"drop-right-without-wrap\" style=\"border-radius: 3px;background-color: #c18f59;\" onmouseleave=\"this.style.backgroundColor='#c18f59';\" onmouseenter=\"this.style.backgroundColor='#857e75';\" href=\"https:\/\/jccmontreal.org\/fr\/enquete-sur-le-passage-de-la-frontiere\/\" target=\"_self\">Soumettez le sondage<\/a><\/div> [\/vc_column][\/vc_row]<\/p>\n<\/div>","protected":false},"excerpt":{"rendered":"<p>[vc_row][vc_column][vc_column_text]\u00c0 la lumi\u00e8re de certains reportages erron\u00e9s et irr\u00e9fl\u00e9chis publi\u00e9s dans les m\u00e9dias ces derni\u00e8res semaines, la communaut\u00e9 juive est&#8230;<\/p>\n","protected":false},"author":1,"featured_media":0,"parent":0,"menu_order":0,"comment_status":"closed","ping_status":"closed","template":"","meta":{"_acf_changed":false,"footnotes":""},"class_list":["post-28016","page","type-page","status-publish"],"acf":[],"aioseo_notices":[],"_links":{"self":[{"href":"https:\/\/www.jccmontreal.org\/fr\/wp-json\/wp\/v2\/pages\/28016","targetHints":{"allow":["GET"]}}],"collection":[{"href":"https:\/\/www.jccmontreal.org\/fr\/wp-json\/wp\/v2\/pages"}],"about":[{"href":"https:\/\/www.jccmontreal.org\/fr\/wp-json\/wp\/v2\/types\/page"}],"author":[{"embeddable":true,"href":"https:\/\/www.jccmontreal.org\/fr\/wp-json\/wp\/v2\/users\/1"}],"replies":[{"embeddable":true,"href":"https:\/\/www.jccmontreal.org\/fr\/wp-json\/wp\/v2\/comments?post=28016"}],"version-history":[{"count":4,"href":"https:\/\/www.jccmontreal.org\/fr\/wp-json\/wp\/v2\/pages\/28016\/revisions"}],"predecessor-version":[{"id":28029,"href":"https:\/\/www.jccmontreal.org\/fr\/wp-json\/wp\/v2\/pages\/28016\/revisions\/28029"}],"wp:attachment":[{"href":"https:\/\/www.jccmontreal.org\/fr\/wp-json\/wp\/v2\/media?parent=28016"}],"curies":[{"name":"wp","href":"https:\/\/api.w.org\/{rel}","templated":true}]}}