{"id":28045,"date":"2021-04-26T16:03:27","date_gmt":"2021-04-26T20:03:27","guid":{"rendered":"https:\/\/jccmontreal.org\/?page_id=28045"},"modified":"2021-04-26T16:45:10","modified_gmt":"2021-04-26T20:45:10","slug":"representation-ccj","status":"publish","type":"page","link":"https:\/\/www.jccmontreal.org\/fr\/representation-ccj\/","title":{"rendered":"Repr\u00e9sentation CCJ"},"content":{"rendered":"<div class=\"wpb-content-wrapper\"><p>[vc_row][vc_column][vc_text_separator title_level=\u00a0\u00bbh4&Prime; title=\u00a0\u00bbRepr\u00e9sentation CCJ\u00a0\u00bb color=\u00a0\u00bbcustom\u00a0\u00bb accent_color=\u00a0\u00bb#212331&Prime;][vc_column_text]<\/p>\n<div>Le Conseil de la communaut\u00e9 juive de Montr\u00e9al (CCJ) a pour but de servir et repr\u00e9senter la communaut\u00e9 juive du Qu\u00e9bec afin de valoriser et promouvoir nos institutions, nos traditions et notre culture. Dans le cadre de ce mandat, il devient de plus en plus \u00e9vident qu\u2019il est n\u00e9cessaire d\u2019\u00e9tablir des ponts de compr\u00e9hension avec la communaut\u00e9 non-juive pour faire en sorte que les besoins des juifs qu\u00e9b\u00e9cois soient pris en compte dans les d\u00e9cisions de politique publique.<\/div>\n<p>&nbsp;<\/p>\n<div>Le mandat de l\u2019\u00e9quipe de repr\u00e9sentation du CCJ est de d\u00e9velopper et d\u00e9fendre des positions fond\u00e9es sur des donn\u00e9es tangibles obtenues \u00e0 travers l\u2019implication et la consultation de la communaut\u00e9. L\u2019\u00e9quipe vise \u00e0 \u00e9tablir des voies de communication efficaces avec les repr\u00e9sentations \u00e9lus et non-\u00e9lus du gouvernement f\u00e9d\u00e9ral, provincial et municipal. Ce faisant, l\u2019objectif est d\u2019inciter les repr\u00e9sentants gouvernementaux \u00e0 s\u2019engager dans une politique \u00e9gislative et des investissements financiers qui appuient le d\u00e9veloppement strat\u00e9gique de la communaut\u00e9 juive. Le cas \u00e9ch\u00e9ant, l\u2019\u00e9quipe de repr\u00e9sentation collabore avec des organisations d\u2019optique commune, tant \u00e0 l\u2019int\u00e9rieur de la communaut\u00e9 juive qu\u2019\u00e0 l\u2019ext\u00e9rieur.<\/div>\n<p>[\/vc_column_text][vc_empty_space][\/vc_column][\/vc_row]<\/p>\n<\/div>","protected":false},"excerpt":{"rendered":"<p>[vc_row][vc_column][vc_text_separator title_level=\u00a0\u00bbh4&Prime; title=\u00a0\u00bbRepr\u00e9sentation CCJ\u00a0\u00bb color=\u00a0\u00bbcustom\u00a0\u00bb accent_color=\u00a0\u00bb#212331&Prime;][vc_column_text] Le Conseil de la communaut\u00e9 juive de Montr\u00e9al (CCJ) a pour but de servir&#8230;<\/p>\n","protected":false},"author":1,"featured_media":0,"parent":0,"menu_order":0,"comment_status":"closed","ping_status":"closed","template":"","meta":{"_acf_changed":false,"footnotes":""},"class_list":["post-28045","page","type-page","status-publish"],"acf":[],"aioseo_notices":[],"_links":{"self":[{"href":"https:\/\/www.jccmontreal.org\/fr\/wp-json\/wp\/v2\/pages\/28045","targetHints":{"allow":["GET"]}}],"collection":[{"href":"https:\/\/www.jccmontreal.org\/fr\/wp-json\/wp\/v2\/pages"}],"about":[{"href":"https:\/\/www.jccmontreal.org\/fr\/wp-json\/wp\/v2\/types\/page"}],"author":[{"embeddable":true,"href":"https:\/\/www.jccmontreal.org\/fr\/wp-json\/wp\/v2\/users\/1"}],"replies":[{"embeddable":true,"href":"https:\/\/www.jccmontreal.org\/fr\/wp-json\/wp\/v2\/comments?post=28045"}],"version-history":[{"count":3,"href":"https:\/\/www.jccmontreal.org\/fr\/wp-json\/wp\/v2\/pages\/28045\/revisions"}],"predecessor-version":[{"id":28053,"href":"https:\/\/www.jccmontreal.org\/fr\/wp-json\/wp\/v2\/pages\/28045\/revisions\/28053"}],"wp:attachment":[{"href":"https:\/\/www.jccmontreal.org\/fr\/wp-json\/wp\/v2\/media?parent=28045"}],"curies":[{"name":"wp","href":"https:\/\/api.w.org\/{rel}","templated":true}]}}